{"id":6,"date":"2015-11-01T21:19:48","date_gmt":"2015-11-01T21:19:48","guid":{"rendered":"http:\/\/stefanolsson.nu\/spesam\/?page_id=6"},"modified":"2023-09-14T19:47:04","modified_gmt":"2023-09-14T19:47:04","slug":"om-mig","status":"publish","type":"page","link":"https:\/\/stefanolsson.nu\/spesam\/om-mig\/","title":{"rendered":"Om mig"},"content":{"rendered":"<p><a href=\"http:\/\/stefanolsson.nu\/spesam\/wp-content\/uploads\/2015\/11\/IMG_6301.jpg\"><img loading=\"lazy\" decoding=\"async\" class=\"alignright  wp-image-9\" src=\"http:\/\/stefanolsson.nu\/spesam\/wp-content\/uploads\/2015\/11\/IMG_6301.jpg\" alt=\"IMG_6301#\" width=\"179\" height=\"215\" srcset=\"https:\/\/stefanolsson.nu\/spesam\/wp-content\/uploads\/2015\/11\/IMG_6301.jpg 300w, https:\/\/stefanolsson.nu\/spesam\/wp-content\/uploads\/2015\/11\/IMG_6301-250x300.jpg 250w\" sizes=\"(max-width: 179px) 100vw, 179px\" \/><\/a>Den h\u00e4r sidan \u00e4r ett arkiv f\u00f6r de texter som jag har publicerat p\u00e5 olika st\u00e4llen. Jag skriver mer eller mindre regelbundet i bland annat Norrk\u00f6pings Tidningar, Nya Wermlands-Tidningen och Svensk Tidskrift.<\/p>\n<p>Mer information om mig finns p\u00e5 sidan: <a href=\"http:\/\/stefanolsson.nu\">stefanolsson.nu<\/a>.<\/p>\n<p>Kontakt:<\/p>\n<p>Twitter: @spesam<br \/>\nFacebook: facebook.com\/spesam<br \/>\nE-post: spesam@icloud.com<\/p>\n","protected":false},"excerpt":{"rendered":"<p>Den h\u00e4r sidan \u00e4r ett arkiv f\u00f6r de texter som jag har publicerat p\u00e5 olika st\u00e4llen. Jag skriver mer eller mindre regelbundet i bland annat Norrk\u00f6pings Tidningar, Nya Wermlands-Tidningen och Svensk Tidskrift. Mer information om mig finns p\u00e5 sidan: stefanolsson.nu. Kontakt: Twitter: @spesam Facebook: facebook.com\/spesam E-post: spesam@icloud.com<\/p>\n","protected":false},"author":1,"featured_media":0,"parent":0,"menu_order":0,"comment_status":"closed","ping_status":"closed","template":"","meta":{"footnotes":""},"_links":{"self":[{"href":"https:\/\/stefanolsson.nu\/spesam\/wp-json\/wp\/v2\/pages\/6"}],"collection":[{"href":"https:\/\/stefanolsson.nu\/spesam\/wp-json\/wp\/v2\/pages"}],"about":[{"href":"https:\/\/stefanolsson.nu\/spesam\/wp-json\/wp\/v2\/types\/page"}],"author":[{"embeddable":true,"href":"https:\/\/stefanolsson.nu\/spesam\/wp-json\/wp\/v2\/users\/1"}],"replies":[{"embeddable":true,"href":"https:\/\/stefanolsson.nu\/spesam\/wp-json\/wp\/v2\/comments?post=6"}],"version-history":[{"count":5,"href":"https:\/\/stefanolsson.nu\/spesam\/wp-json\/wp\/v2\/pages\/6\/revisions"}],"predecessor-version":[{"id":422,"href":"https:\/\/stefanolsson.nu\/spesam\/wp-json\/wp\/v2\/pages\/6\/revisions\/422"}],"wp:attachment":[{"href":"https:\/\/stefanolsson.nu\/spesam\/wp-json\/wp\/v2\/media?parent=6"}],"curies":[{"name":"wp","href":"https:\/\/api.w.org\/{rel}","templated":true}]}}